{"id":4401,"date":"2022-11-19T13:23:11","date_gmt":"2022-11-19T12:23:11","guid":{"rendered":"https:\/\/kosmetikane.com\/?post_type=product&#038;p=4401"},"modified":"2026-03-22T21:45:37","modified_gmt":"2026-03-22T20:45:37","slug":"psh-otic-cleaner-100-ml","status":"publish","type":"product","link":"https:\/\/kosmetikane.com\/en\/buy\/psh-otic-cleaner-100-ml\/","title":{"rendered":"PSH Otic Cleaner &#8211; 100 ml"},"content":{"rendered":"<p>La f\u00f3rmula permite una limpieza suave y respetuosa del pabell\u00f3n auricular del pero. Contiene aceite de \u00e1rbol de t\u00e9, que act\u00faa como antis\u00e9ptico natural y ayuda a eliminar suavemente el exceso de cerumen acumulado. Uso t\u00f3xico en gatos.<\/p>\n<p><strong>How to use:<\/strong> Aplicar sobre una gasa est\u00e9ril una cantidad suficiente procediendo a limpiar suavemente la zona desde el centro hasta el exterior.<\/p>","protected":false},"excerpt":{"rendered":"<div class=\"woocommerce-product-details__short-description\">\n<div class=\"woocommerce-product-details__short-description\">\n<p>El limpiador \u00f3tico proporciona una \u00f3ptima limpieza rutinaria del pabell\u00f3n auricular del perro sin ninguna patolog\u00eda.<\/p>\n<\/div>\n<form class=\"variations_form cart wd-reset-side-lg wd-reset-bottom-md wd-label-top-md variation-swatch-selected\" action=\"https:\/\/pshcosmetics.com\/producto\/otic-cleaner\" enctype=\"multipart\/form-data\" method=\"post\" data-product_id=\"7371\" data-product_variations=\"[{&quot;attributes&quot;:{&quot;attribute_pa_formatos-disponibles&quot;:&quot;100ml&quot;},&quot;availability_html&quot;:&quot;&quot;,&quot;backorders_allowed&quot;:false,&quot;dimensions&quot;:{&quot;length&quot;:&quot;&quot;,&quot;width&quot;:&quot;&quot;,&quot;height&quot;:&quot;&quot;},&quot;dimensions_html&quot;:&quot;N\\\/D&quot;,&quot;display_price&quot;:12.5,&quot;display_regular_price&quot;:12.5,&quot;image&quot;:{&quot;title&quot;:&quot;ETIQUETA_OTICCLEANERw1&quot;,&quot;caption&quot;:&quot;&quot;,&quot;url&quot;:&quot;https:\\\/\\\/pshcosmetics.com\\\/wp-content\\\/uploads\\\/2022\\\/02\\\/ETIQUETA_OTICCLEANERw1.jpg&quot;,&quot;alt&quot;:&quot;&quot;,&quot;src&quot;:&quot;https:\\\/\\\/pshcosmetics.com\\\/wp-content\\\/uploads\\\/2022\\\/02\\\/ETIQUETA_OTICCLEANERw1-700x700.jpg&quot;,&quot;srcset&quot;:&quot;https:\\\/\\\/pshcosmetics.com\\\/wp-content\\\/uploads\\\/2022\\\/02\\\/ETIQUETA_OTICCLEANERw1-700x700.jpg 700w, https:\\\/\\\/pshcosmetics.com\\\/wp-content\\\/uploads\\\/2022\\\/02\\\/ETIQUETA_OTICCLEANERw1-300x300.jpg 300w, https:\\\/\\\/pshcosmetics.com\\\/wp-content\\\/uploads\\\/2022\\\/02\\\/ETIQUETA_OTICCLEANERw1-800x800.jpg 800w, https:\\\/\\\/pshcosmetics.com\\\/wp-content\\\/uploads\\\/2022\\\/02\\\/ETIQUETA_OTICCLEANERw1-150x150.jpg 150w, https:\\\/\\\/pshcosmetics.com\\\/wp-content\\\/uploads\\\/2022\\\/02\\\/ETIQUETA_OTICCLEANERw1-768x768.jpg 768w, https:\\\/\\\/pshcosmetics.com\\\/wp-content\\\/uploads\\\/2022\\\/02\\\/ETIQUETA_OTICCLEANERw1-860x860.jpg 860w, https:\\\/\\\/pshcosmetics.com\\\/wp-content\\\/uploads\\\/2022\\\/02\\\/ETIQUETA_OTICCLEANERw1-430x430.jpg 430w, https:\\\/\\\/pshcosmetics.com\\\/wp-content\\\/uploads\\\/2022\\\/02\\\/ETIQUETA_OTICCLEANERw1.jpg 1000w&quot;,&quot;sizes&quot;:&quot;(max-width: 700px) 100vw, 700px&quot;,&quot;full_src&quot;:&quot;https:\\\/\\\/pshcosmetics.com\\\/wp-content\\\/uploads\\\/2022\\\/02\\\/ETIQUETA_OTICCLEANERw1.jpg&quot;,&quot;full_src_w&quot;:1000,&quot;full_src_h&quot;:1000,&quot;gallery_thumbnail_src&quot;:&quot;https:\\\/\\\/pshcosmetics.com\\\/wp-content\\\/uploads\\\/2022\\\/02\\\/ETIQUETA_OTICCLEANERw1-150x150.jpg&quot;,&quot;gallery_thumbnail_src_w&quot;:150,&quot;gallery_thumbnail_src_h&quot;:150,&quot;thumb_src&quot;:&quot;https:\\\/\\\/pshcosmetics.com\\\/wp-content\\\/uploads\\\/2022\\\/02\\\/ETIQUETA_OTICCLEANERw1-430x430.jpg&quot;,&quot;thumb_src_w&quot;:430,&quot;thumb_src_h&quot;:430,&quot;src_w&quot;:700,&quot;src_h&quot;:700},&quot;image_id&quot;:8252,&quot;is_downloadable&quot;:false,&quot;is_in_stock&quot;:true,&quot;is_purchasable&quot;:true,&quot;is_sold_individually&quot;:&quot;no&quot;,&quot;is_virtual&quot;:false,&quot;max_qty&quot;:&quot;&quot;,&quot;min_qty&quot;:1,&quot;price_html&quot;:&quot;&quot;,&quot;sku&quot;:&quot;PSH226LOI&quot;,&quot;variation_description&quot;:&quot;&quot;,&quot;variation_id&quot;:7372,&quot;variation_is_active&quot;:true,&quot;variation_is_visible&quot;:true,&quot;weight&quot;:&quot;0.100&quot;,&quot;weight_html&quot;:&quot;0,100 kg&quot;,&quot;additional_variation_images&quot;:[{&quot;width&quot;:700,&quot;height&quot;:700,&quot;src&quot;:&quot;https:\\\/\\\/pshcosmetics.com\\\/wp-content\\\/uploads\\\/2022\\\/02\\\/ETIQUETA_OTICCLEANERw1-700x700.jpg&quot;,&quot;full_src&quot;:&quot;https:\\\/\\\/pshcosmetics.com\\\/wp-content\\\/uploads\\\/2022\\\/02\\\/ETIQUETA_OTICCLEANERw1.jpg&quot;,&quot;thumbnail_src&quot;:&quot;https:\\\/\\\/pshcosmetics.com\\\/wp-content\\\/uploads\\\/2022\\\/02\\\/ETIQUETA_OTICCLEANERw1-150x150.jpg&quot;,&quot;class&quot;:&quot;wp-post-image&quot;,&quot;alt&quot;:&quot;&quot;,&quot;title&quot;:&quot;ETIQUETA_OTICCLEANERw1&quot;,&quot;data_caption&quot;:&quot;&quot;,&quot;data_src&quot;:&quot;https:\\\/\\\/pshcosmetics.com\\\/wp-content\\\/uploads\\\/2022\\\/02\\\/ETIQUETA_OTICCLEANERw1.jpg&quot;,&quot;data_large_image&quot;:&quot;https:\\\/\\\/pshcosmetics.com\\\/wp-content\\\/uploads\\\/2022\\\/02\\\/ETIQUETA_OTICCLEANERw1.jpg&quot;,&quot;data_large_image_width&quot;:&quot;1000&quot;,&quot;data_large_image_height&quot;:&quot;1000&quot;,&quot;srcset&quot;:&quot;https:\\\/\\\/pshcosmetics.com\\\/wp-content\\\/uploads\\\/2022\\\/02\\\/ETIQUETA_OTICCLEANERw1-700x700.jpg 700w, https:\\\/\\\/pshcosmetics.com\\\/wp-content\\\/uploads\\\/2022\\\/02\\\/ETIQUETA_OTICCLEANERw1-300x300.jpg 300w, https:\\\/\\\/pshcosmetics.com\\\/wp-content\\\/uploads\\\/2022\\\/02\\\/ETIQUETA_OTICCLEANERw1-800x800.jpg 800w, https:\\\/\\\/pshcosmetics.com\\\/wp-content\\\/uploads\\\/2022\\\/02\\\/ETIQUETA_OTICCLEANERw1-150x150.jpg 150w, https:\\\/\\\/pshcosmetics.com\\\/wp-content\\\/uploads\\\/2022\\\/02\\\/ETIQUETA_OTICCLEANERw1-768x768.jpg 768w, https:\\\/\\\/pshcosmetics.com\\\/wp-content\\\/uploads\\\/2022\\\/02\\\/ETIQUETA_OTICCLEANERw1-860x860.jpg 860w, https:\\\/\\\/pshcosmetics.com\\\/wp-content\\\/uploads\\\/2022\\\/02\\\/ETIQUETA_OTICCLEANERw1-430x430.jpg 430w, https:\\\/\\\/pshcosmetics.com\\\/wp-content\\\/uploads\\\/2022\\\/02\\\/ETIQUETA_OTICCLEANERw1.jpg 1000w&quot;,&quot;sizes&quot;:&quot;(max-width: 700px) 100vw, 700px&quot;}],&quot;additional_variation_images_default&quot;:[{&quot;width&quot;:700,&quot;height&quot;:700,&quot;src&quot;:&quot;https:\\\/\\\/pshcosmetics.com\\\/wp-content\\\/uploads\\\/2022\\\/02\\\/ETIQUETA_OTICCLEANERw1-700x700.jpg&quot;,&quot;full_src&quot;:&quot;https:\\\/\\\/pshcosmetics.com\\\/wp-content\\\/uploads\\\/2022\\\/02\\\/ETIQUETA_OTICCLEANERw1.jpg&quot;,&quot;thumbnail_src&quot;:&quot;https:\\\/\\\/pshcosmetics.com\\\/wp-content\\\/uploads\\\/2022\\\/02\\\/ETIQUETA_OTICCLEANERw1-150x150.jpg&quot;,&quot;class&quot;:&quot;wp-post-image&quot;,&quot;alt&quot;:&quot;&quot;,&quot;title&quot;:&quot;ETIQUETA_OTICCLEANERw1&quot;,&quot;data_caption&quot;:&quot;&quot;,&quot;data_src&quot;:&quot;https:\\\/\\\/pshcosmetics.com\\\/wp-content\\\/uploads\\\/2022\\\/02\\\/ETIQUETA_OTICCLEANERw1.jpg&quot;,&quot;data_large_image&quot;:&quot;https:\\\/\\\/pshcosmetics.com\\\/wp-content\\\/uploads\\\/2022\\\/02\\\/ETIQUETA_OTICCLEANERw1.jpg&quot;,&quot;data_large_image_width&quot;:&quot;1000&quot;,&quot;data_large_image_height&quot;:&quot;1000&quot;,&quot;srcset&quot;:&quot;https:\\\/\\\/pshcosmetics.com\\\/wp-content\\\/uploads\\\/2022\\\/02\\\/ETIQUETA_OTICCLEANERw1-700x700.jpg 700w, https:\\\/\\\/pshcosmetics.com\\\/wp-content\\\/uploads\\\/2022\\\/02\\\/ETIQUETA_OTICCLEANERw1-300x300.jpg 300w, https:\\\/\\\/pshcosmetics.com\\\/wp-content\\\/uploads\\\/2022\\\/02\\\/ETIQUETA_OTICCLEANERw1-800x800.jpg 800w, https:\\\/\\\/pshcosmetics.com\\\/wp-content\\\/uploads\\\/2022\\\/02\\\/ETIQUETA_OTICCLEANERw1-150x150.jpg 150w, https:\\\/\\\/pshcosmetics.com\\\/wp-content\\\/uploads\\\/2022\\\/02\\\/ETIQUETA_OTICCLEANERw1-768x768.jpg 768w, https:\\\/\\\/pshcosmetics.com\\\/wp-content\\\/uploads\\\/2022\\\/02\\\/ETIQUETA_OTICCLEANERw1-860x860.jpg 860w, https:\\\/\\\/pshcosmetics.com\\\/wp-content\\\/uploads\\\/2022\\\/02\\\/ETIQUETA_OTICCLEANERw1-430x430.jpg 430w, https:\\\/\\\/pshcosmetics.com\\\/wp-content\\\/uploads\\\/2022\\\/02\\\/ETIQUETA_OTICCLEANERw1.jpg 1000w&quot;,&quot;sizes&quot;:&quot;(max-width: 700px) 100vw, 700px&quot;},{&quot;width&quot;:700,&quot;height&quot;:700,&quot;src&quot;:&quot;https:\\\/\\\/pshcosmetics.com\\\/wp-content\\\/uploads\\\/2022\\\/02\\\/PSH_Activos_OticCleaner_1-700x700.jpg&quot;,&quot;full_src&quot;:&quot;https:\\\/\\\/pshcosmetics.com\\\/wp-content\\\/uploads\\\/2022\\\/02\\\/PSH_Activos_OticCleaner_1.jpg&quot;,&quot;thumbnail_src&quot;:&quot;https:\\\/\\\/pshcosmetics.com\\\/wp-content\\\/uploads\\\/2022\\\/02\\\/PSH_Activos_OticCleaner_1-150x150.jpg&quot;,&quot;class&quot;:&quot;&quot;,&quot;alt&quot;:&quot;&quot;,&quot;title&quot;:&quot;PSH_Activos_OticCleaner_1&quot;,&quot;data_caption&quot;:&quot;&quot;,&quot;data_src&quot;:&quot;https:\\\/\\\/pshcosmetics.com\\\/wp-content\\\/uploads\\\/2022\\\/02\\\/PSH_Activos_OticCleaner_1.jpg&quot;,&quot;data_large_image&quot;:&quot;https:\\\/\\\/pshcosmetics.com\\\/wp-content\\\/uploads\\\/2022\\\/02\\\/PSH_Activos_OticCleaner_1.jpg&quot;,&quot;data_large_image_width&quot;:&quot;1000&quot;,&quot;data_large_image_height&quot;:&quot;1000&quot;,&quot;srcset&quot;:&quot;https:\\\/\\\/pshcosmetics.com\\\/wp-content\\\/uploads\\\/2022\\\/02\\\/PSH_Activos_OticCleaner_1-700x700.jpg 700w, https:\\\/\\\/pshcosmetics.com\\\/wp-content\\\/uploads\\\/2022\\\/02\\\/PSH_Activos_OticCleaner_1-300x300.jpg 300w, https:\\\/\\\/pshcosmetics.com\\\/wp-content\\\/uploads\\\/2022\\\/02\\\/PSH_Activos_OticCleaner_1-800x800.jpg 800w, https:\\\/\\\/pshcosmetics.com\\\/wp-content\\\/uploads\\\/2022\\\/02\\\/PSH_Activos_OticCleaner_1-150x150.jpg 150w, https:\\\/\\\/pshcosmetics.com\\\/wp-content\\\/uploads\\\/2022\\\/02\\\/PSH_Activos_OticCleaner_1-768x768.jpg 768w, https:\\\/\\\/pshcosmetics.com\\\/wp-content\\\/uploads\\\/2022\\\/02\\\/PSH_Activos_OticCleaner_1-860x860.jpg 860w, https:\\\/\\\/pshcosmetics.com\\\/wp-content\\\/uploads\\\/2022\\\/02\\\/PSH_Activos_OticCleaner_1-430x430.jpg 430w, https:\\\/\\\/pshcosmetics.com\\\/wp-content\\\/uploads\\\/2022\\\/02\\\/PSH_Activos_OticCleaner_1.jpg 1000w&quot;,&quot;sizes&quot;:&quot;(max-width: 700px) 100vw, 700px&quot;}]}]\" data-trp-original-action=\"https:\/\/pshcosmetics.com\/producto\/otic-cleaner\"><input type=\"hidden\" name=\"trp-form-language\" value=\"en\"\/><\/form>\n<\/div>","protected":false},"featured_media":4402,"comment_status":"closed","ping_status":"closed","template":"","meta":{"_acf_changed":false},"product_brand":[],"product_cat":[98],"product_tag":[119],"class_list":{"0":"post-4401","1":"product","2":"type-product","3":"status-publish","4":"has-post-thumbnail","6":"product_cat-limpiadores","7":"product_tag-psh-health-care","8":"clearfix","9":"article","10":"product--with-button-on-hover","12":"first","13":"instock","14":"sale","15":"taxable","16":"shipping-taxable","17":"purchasable","18":"product-type-simple"},"bundled_by":[],"bundle_stock_status":"instock","bundle_stock_quantity":2,"bundle_virtual":false,"bundle_layout":"","bundle_add_to_cart_form_location":"","bundle_editable_in_cart":false,"bundle_sold_individually_context":"","bundle_item_grouping":"","bundle_min_size":"","bundle_max_size":"","bundle_price":[],"bundled_items":[],"bundle_sell_ids":[],"acf":[],"_links":{"self":[{"href":"https:\/\/kosmetikane.com\/en\/wp-json\/wp\/v2\/product\/4401","targetHints":{"allow":["GET"]}}],"collection":[{"href":"https:\/\/kosmetikane.com\/en\/wp-json\/wp\/v2\/product"}],"about":[{"href":"https:\/\/kosmetikane.com\/en\/wp-json\/wp\/v2\/types\/product"}],"replies":[{"embeddable":true,"href":"https:\/\/kosmetikane.com\/en\/wp-json\/wp\/v2\/comments?post=4401"}],"wp:featuredmedia":[{"embeddable":true,"href":"https:\/\/kosmetikane.com\/en\/wp-json\/wp\/v2\/media\/4402"}],"wp:attachment":[{"href":"https:\/\/kosmetikane.com\/en\/wp-json\/wp\/v2\/media?parent=4401"}],"wp:term":[{"taxonomy":"product_brand","embeddable":true,"href":"https:\/\/kosmetikane.com\/en\/wp-json\/wp\/v2\/product_brand?post=4401"},{"taxonomy":"product_cat","embeddable":true,"href":"https:\/\/kosmetikane.com\/en\/wp-json\/wp\/v2\/product_cat?post=4401"},{"taxonomy":"product_tag","embeddable":true,"href":"https:\/\/kosmetikane.com\/en\/wp-json\/wp\/v2\/product_tag?post=4401"}],"curies":[{"name":"wp","href":"https:\/\/api.w.org\/{rel}","templated":true}]}}