{"id":3740,"date":"2021-06-23T18:24:49","date_gmt":"2021-06-23T16:24:49","guid":{"rendered":"https:\/\/kosmetikane.com\/?page_id=3740"},"modified":"2021-06-30T11:41:11","modified_gmt":"2021-06-30T09:41:11","slug":"referals","status":"publish","type":"page","link":"https:\/\/kosmetikane.com\/en\/referals\/","title":{"rendered":"Loyalty program"},"content":{"rendered":"<div data-elementor-type=\"wp-page\" data-elementor-id=\"3740\" class=\"elementor elementor-3740\" data-elementor-post-type=\"page\">\n\t\t\t\t\t\t<section class=\"elementor-section elementor-top-section elementor-element elementor-element-9214057 elementor-section-full_width elementor-section-height-default elementor-section-height-default\" data-id=\"9214057\" data-element_type=\"section\">\n\t\t\t\t\t\t<div class=\"elementor-container elementor-column-gap-default\">\n\t\t\t\t\t<div class=\"elementor-column elementor-col-100 elementor-top-column elementor-element elementor-element-d2ca18e\" data-id=\"d2ca18e\" data-element_type=\"column\">\n\t\t\t<div class=\"elementor-widget-wrap elementor-element-populated\">\n\t\t\t\t\t\t<div class=\"elementor-element elementor-element-160292a elementor-widget elementor-widget-text-editor\" data-id=\"160292a\" data-element_type=\"widget\" data-widget_type=\"text-editor.default\">\n\t\t\t\t<div class=\"elementor-widget-container\">\n\t\t\t\t\t\t\t\t\t<p style=\"text-align: center;\"><b>Nobody can relate the benefits of Kosmetikane better than you!<\/b><\/p>\n<p style=\"text-align: center;\">Give your friends a 5\u20ac credit on Kosmetikane and earn 5\u20ac for each one of them who signs up.<\/p>\t\t\t\t\t\t\t\t<\/div>\n\t\t\t\t<\/div>\n\t\t\t\t<div class=\"elementor-element elementor-element-ddfc2f2 elementor-widget elementor-widget-heading\" data-id=\"ddfc2f2\" data-element_type=\"widget\" data-widget_type=\"heading.default\">\n\t\t\t\t<div class=\"elementor-widget-container\">\n\t\t\t\t\t<h2 class=\"elementor-heading-title elementor-size-default\">How does it work?<\/h2>\t\t\t\t<\/div>\n\t\t\t\t<\/div>\n\t\t\t\t<section class=\"elementor-section elementor-inner-section elementor-element elementor-element-bd7acb6 elementor-section-full_width elementor-section-height-default elementor-section-height-default\" data-id=\"bd7acb6\" data-element_type=\"section\">\n\t\t\t\t\t\t<div class=\"elementor-container elementor-column-gap-wide\">\n\t\t\t\t\t<div class=\"elementor-column elementor-col-33 elementor-inner-column elementor-element elementor-element-e80b571\" data-id=\"e80b571\" data-element_type=\"column\">\n\t\t\t<div class=\"elementor-widget-wrap elementor-element-populated\">\n\t\t\t\t\t\t<div class=\"elementor-element elementor-element-609c1ef elementor-widget elementor-widget-image\" data-id=\"609c1ef\" data-element_type=\"widget\" data-widget_type=\"image.default\">\n\t\t\t\t<div class=\"elementor-widget-container\">\n\t\t\t\t\t\t\t\t\t\t\t\t\t\t\t<img decoding=\"async\" width=\"200\" height=\"200\" src=\"https:\/\/kosmetikane.com\/wp-content\/uploads\/programa-fidelidad-01.gif\" class=\"attachment-large size-large wp-image-3887\" alt=\"programa-fidelidad-01\" srcset=\"https:\/\/kosmetikane.com\/wp-content\/uploads\/programa-fidelidad-01.gif 200w, https:\/\/kosmetikane.com\/wp-content\/uploads\/programa-fidelidad-01-70x70.gif 70w, https:\/\/kosmetikane.com\/wp-content\/uploads\/programa-fidelidad-01-100x100.gif 100w\" sizes=\"(max-width: 200px) 100vw, 200px\" \/>\t\t\t\t\t\t\t\t\t\t\t\t\t\t\t<\/div>\n\t\t\t\t<\/div>\n\t\t\t\t<div class=\"elementor-element elementor-element-21877c3 elementor-widget elementor-widget-text-editor\" data-id=\"21877c3\" data-element_type=\"widget\" data-widget_type=\"text-editor.default\">\n\t\t\t\t<div class=\"elementor-widget-container\">\n\t\t\t\t\t\t\t\t\tRecommend us to a friend on Facebook, WhatsApp or email using the following form.\t\t\t\t\t\t\t\t<\/div>\n\t\t\t\t<\/div>\n\t\t\t\t\t<\/div>\n\t\t<\/div>\n\t\t\t\t<div class=\"elementor-column elementor-col-33 elementor-inner-column elementor-element elementor-element-be821dc\" data-id=\"be821dc\" data-element_type=\"column\">\n\t\t\t<div class=\"elementor-widget-wrap elementor-element-populated\">\n\t\t\t\t\t\t<div class=\"elementor-element elementor-element-10569ac elementor-widget elementor-widget-image\" data-id=\"10569ac\" data-element_type=\"widget\" data-widget_type=\"image.default\">\n\t\t\t\t<div class=\"elementor-widget-container\">\n\t\t\t\t\t\t\t\t\t\t\t\t\t\t\t<img decoding=\"async\" width=\"200\" height=\"200\" src=\"https:\/\/kosmetikane.com\/wp-content\/uploads\/programa-fidelidad-02.gif\" class=\"attachment-large size-large wp-image-3889\" alt=\"programa-fidelidad-02\" srcset=\"https:\/\/kosmetikane.com\/wp-content\/uploads\/programa-fidelidad-02.gif 200w, https:\/\/kosmetikane.com\/wp-content\/uploads\/programa-fidelidad-02-70x70.gif 70w, https:\/\/kosmetikane.com\/wp-content\/uploads\/programa-fidelidad-02-100x100.gif 100w\" sizes=\"(max-width: 200px) 100vw, 200px\" \/>\t\t\t\t\t\t\t\t\t\t\t\t\t\t\t<\/div>\n\t\t\t\t<\/div>\n\t\t\t\t<div class=\"elementor-element elementor-element-947d587 elementor-widget elementor-widget-text-editor\" data-id=\"947d587\" data-element_type=\"widget\" data-widget_type=\"text-editor.default\">\n\t\t\t\t<div class=\"elementor-widget-container\">\n\t\t\t\t\t\t\t\t\t<p>Your friend receives a 5\u20ac discount coupon to redeem on their first purchase over 100\u20ac.<\/p>\t\t\t\t\t\t\t\t<\/div>\n\t\t\t\t<\/div>\n\t\t\t\t\t<\/div>\n\t\t<\/div>\n\t\t\t\t<div class=\"elementor-column elementor-col-33 elementor-inner-column elementor-element elementor-element-bbcec9a\" data-id=\"bbcec9a\" data-element_type=\"column\">\n\t\t\t<div class=\"elementor-widget-wrap elementor-element-populated\">\n\t\t\t\t\t\t<div class=\"elementor-element elementor-element-986fd4d elementor-widget elementor-widget-image\" data-id=\"986fd4d\" data-element_type=\"widget\" data-widget_type=\"image.default\">\n\t\t\t\t<div class=\"elementor-widget-container\">\n\t\t\t\t\t\t\t\t\t\t\t\t\t\t\t<img decoding=\"async\" width=\"200\" height=\"200\" src=\"https:\/\/kosmetikane.com\/wp-content\/uploads\/programa-fidelidad-03.gif\" class=\"attachment-large size-large wp-image-3888\" alt=\"programa-fidelidad-03\" srcset=\"https:\/\/kosmetikane.com\/wp-content\/uploads\/programa-fidelidad-03.gif 200w, https:\/\/kosmetikane.com\/wp-content\/uploads\/programa-fidelidad-03-70x70.gif 70w, https:\/\/kosmetikane.com\/wp-content\/uploads\/programa-fidelidad-03-100x100.gif 100w\" sizes=\"(max-width: 200px) 100vw, 200px\" \/>\t\t\t\t\t\t\t\t\t\t\t\t\t\t\t<\/div>\n\t\t\t\t<\/div>\n\t\t\t\t<div class=\"elementor-element elementor-element-95538d6 elementor-widget elementor-widget-text-editor\" data-id=\"95538d6\" data-element_type=\"widget\" data-widget_type=\"text-editor.default\">\n\t\t\t\t<div class=\"elementor-widget-container\">\n\t\t\t\t\t\t\t\t\t<p>You receive 5\u20ac credit in Kosmetikane after your friend has completed their order with your discount code.<\/p>\t\t\t\t\t\t\t\t<\/div>\n\t\t\t\t<\/div>\n\t\t\t\t\t<\/div>\n\t\t<\/div>\n\t\t\t\t\t<\/div>\n\t\t<\/section>\n\t\t\t\t\t<\/div>\n\t\t<\/div>\n\t\t\t\t\t<\/div>\n\t\t<\/section>\n\t\t\t\t<section class=\"elementor-section elementor-top-section elementor-element elementor-element-00a0af3 elementor-section-full_width elementor-section-height-default elementor-section-height-default\" data-id=\"00a0af3\" data-element_type=\"section\">\n\t\t\t\t\t\t<div class=\"elementor-container elementor-column-gap-default\">\n\t\t\t\t\t<div class=\"elementor-column elementor-col-100 elementor-top-column elementor-element elementor-element-a2e491f\" data-id=\"a2e491f\" data-element_type=\"column\">\n\t\t\t<div class=\"elementor-widget-wrap elementor-element-populated\">\n\t\t\t\t\t\t<div class=\"elementor-element elementor-element-9bcd4c7 elementor-widget elementor-widget-wp-widget-custom_html\" data-id=\"9bcd4c7\" data-element_type=\"widget\" data-widget_type=\"wp-widget-custom_html.default\">\n\t\t\t\t<div class=\"elementor-widget-container\">\n\t\t\t\t\t<div class=\"textwidget custom-html-widget\">[automatewoo_referrals_page]<\/div>\t\t\t\t<\/div>\n\t\t\t\t<\/div>\n\t\t\t\t\t<\/div>\n\t\t<\/div>\n\t\t\t\t\t<\/div>\n\t\t<\/section>\n\t\t\t\t<\/div>","protected":false},"excerpt":{"rendered":"<p>!Nadie puede contar las ventajas de Kosmetikane mejor que t\u00fa! Reg\u00e1lale a tus amigos un cr\u00e9dito de 5\u20ac en Kosmetikane y gana 5\u20ac por cada uno de ellos que se registre. \u00bfC\u00f3mo funciona? Recomi\u00e9ndanos a un amigo por Facebook, WhatsApp o correo electr\u00f3nico utilizando el siguiente formulario. Tu amigo recibe un cup\u00f3n de descuento de &hellip;<\/p>","protected":false},"author":1,"featured_media":0,"parent":0,"menu_order":0,"comment_status":"closed","ping_status":"closed","template":"","meta":{"_acf_changed":false,"footnotes":""},"class_list":{"0":"post-3740","1":"page","2":"type-page","3":"status-publish","5":"clearfix","6":"article","7":"product--with-button-on-hover"},"acf":[],"_links":{"self":[{"href":"https:\/\/kosmetikane.com\/en\/wp-json\/wp\/v2\/pages\/3740","targetHints":{"allow":["GET"]}}],"collection":[{"href":"https:\/\/kosmetikane.com\/en\/wp-json\/wp\/v2\/pages"}],"about":[{"href":"https:\/\/kosmetikane.com\/en\/wp-json\/wp\/v2\/types\/page"}],"author":[{"embeddable":true,"href":"https:\/\/kosmetikane.com\/en\/wp-json\/wp\/v2\/users\/1"}],"replies":[{"embeddable":true,"href":"https:\/\/kosmetikane.com\/en\/wp-json\/wp\/v2\/comments?post=3740"}],"version-history":[{"count":0,"href":"https:\/\/kosmetikane.com\/en\/wp-json\/wp\/v2\/pages\/3740\/revisions"}],"wp:attachment":[{"href":"https:\/\/kosmetikane.com\/en\/wp-json\/wp\/v2\/media?parent=3740"}],"curies":[{"name":"wp","href":"https:\/\/api.w.org\/{rel}","templated":true}]}}