{"id":129,"date":"2018-03-06T11:06:12","date_gmt":"2018-03-06T11:06:12","guid":{"rendered":"https:\/\/xml-io.proteusthemes.com\/woondershop-amazon\/?page_id=129"},"modified":"2020-10-25T18:50:39","modified_gmt":"2020-10-25T17:50:39","slug":"devoluciones","status":"publish","type":"page","link":"https:\/\/kosmetikane.com\/en\/returns\/","title":{"rendered":"Return policy"},"content":{"rendered":"<div data-elementor-type=\"wp-page\" data-elementor-id=\"129\" class=\"elementor elementor-129\" data-elementor-post-type=\"page\">\n\t\t\t\t\t\t<section class=\"elementor-section elementor-top-section elementor-element elementor-element-49c3b570 elementor-section-boxed elementor-section-height-default elementor-section-height-default\" data-id=\"49c3b570\" data-element_type=\"section\">\n\t\t\t\t\t\t<div class=\"elementor-container elementor-column-gap-no\">\n\t\t\t\t\t<div class=\"elementor-column elementor-col-100 elementor-top-column elementor-element elementor-element-4a16ebb9\" data-id=\"4a16ebb9\" data-element_type=\"column\">\n\t\t\t<div class=\"elementor-widget-wrap elementor-element-populated\">\n\t\t\t\t\t\t<div class=\"elementor-element elementor-element-fb5f9f9 elementor-widget elementor-widget-text-editor\" data-id=\"fb5f9f9\" data-element_type=\"widget\" data-widget_type=\"text-editor.default\">\n\t\t\t\t<div class=\"elementor-widget-container\">\n\t\t\t\t\t\t\t\t\t<p>Our goal is to achieve the satisfaction of our customers in each product that we sell. But if upon receiving your order, you find that the package has a blow or defect, indicate on the delivery note that you have received it in poor condition. If the breakage is evident, you can refuse the shipment. If any of the products have arrived damaged, please contact us via email hola@kosmetikane.com indicating the identifier of the order.<\/p><p>Given the nature of the items for sale on Kosmetikane, the following conditions must be taken into account:<\/p><ul><li>The buyer (or the person he designates) is responsible for verifying the condition of the package, as well as its content, in the presence of the carrier making the delivery.<\/li><li>If you observe appreciable deterioration, you must inform it on the delivery note that is presented as proof of receipt of the order.<\/li><li>In all cases, and regardless of the nature of the product, you must state any anomaly that you observe (due to disagreement) on the delivery note or acknowledgment of receipt that the carrier will provide you. In no case, the product must present samples of manipulation or use.<\/li><li>Also, it will be essential that you take sufficiently descriptive images of the items where you can clearly see both the damage that has occurred, as well as the state in which the package has arrived.<\/li><li>Next, you must send us these images as soon as possible, to our customer service department, through the email hola@kosmetikane.com.<\/li><li><strong>For hygienic-sanitary reasons, canine cosmetic products cannot be returned.<\/strong><\/li><\/ul><p>Only defective items can be returned within a maximum period of 5 business days from the time of delivery.\u00a0<\/p><p>To carry out this process, it is essential that you previously contact our customer service department, which will notify you of the necessary authorization to make the return. Transportation costs for exchanges or returns of defective products, with manufacturing defects or shipping errors, will be borne by Kosmetikane.<\/p>\t\t\t\t\t\t\t\t<\/div>\n\t\t\t\t<\/div>\n\t\t\t\t\t<\/div>\n\t\t<\/div>\n\t\t\t\t\t<\/div>\n\t\t<\/section>\n\t\t\t\t<\/div>","protected":false},"excerpt":{"rendered":"<p>Nuestra meta es la conseguir la satisfacci\u00f3n de nuestros clientes en cada producto que vendemos. Pero si al recibir tu pedido, encuentras que el paquete tiene alg\u00fan golpe o defecto, indica en el albar\u00e1n de entrega que lo has recibido en mal estado. Si la rotura es evidente, puedes rechazar el env\u00edo. Si alguno de &hellip;<\/p>","protected":false},"author":1,"featured_media":0,"parent":0,"menu_order":0,"comment_status":"closed","ping_status":"closed","template":"","meta":{"_acf_changed":false,"footnotes":""},"class_list":{"0":"post-129","1":"page","2":"type-page","3":"status-publish","5":"clearfix","6":"article","7":"product--with-button-on-hover"},"acf":[],"_links":{"self":[{"href":"https:\/\/kosmetikane.com\/en\/wp-json\/wp\/v2\/pages\/129","targetHints":{"allow":["GET"]}}],"collection":[{"href":"https:\/\/kosmetikane.com\/en\/wp-json\/wp\/v2\/pages"}],"about":[{"href":"https:\/\/kosmetikane.com\/en\/wp-json\/wp\/v2\/types\/page"}],"author":[{"embeddable":true,"href":"https:\/\/kosmetikane.com\/en\/wp-json\/wp\/v2\/users\/1"}],"replies":[{"embeddable":true,"href":"https:\/\/kosmetikane.com\/en\/wp-json\/wp\/v2\/comments?post=129"}],"version-history":[{"count":0,"href":"https:\/\/kosmetikane.com\/en\/wp-json\/wp\/v2\/pages\/129\/revisions"}],"wp:attachment":[{"href":"https:\/\/kosmetikane.com\/en\/wp-json\/wp\/v2\/media?parent=129"}],"curies":[{"name":"wp","href":"https:\/\/api.w.org\/{rel}","templated":true}]}}